{"id":91614,"date":"2023-01-06T13:33:34","date_gmt":"2023-01-06T13:33:34","guid":{"rendered":"https:\/\/old.smiljanmori.com\/?page_id=91614"},"modified":"2023-01-06T13:33:35","modified_gmt":"2023-01-06T13:33:35","slug":"splosni-pogoji-bussiness-in-a-box","status":"publish","type":"page","link":"https:\/\/old.smiljanmori.com\/sl\/splosni-pogoji-bussiness-in-a-box\/","title":{"rendered":"Splo\u0161ni Pogoji Bussiness in a Box"},"content":{"rendered":"\n<p><strong>MEMBERSHIP IN TRAINING AGREEMENT<\/strong><\/p>\n\n\n\n<p><strong>Splo\u0161ni pogoji o pravicah in obveznostih Membership in training agreementa<\/strong><\/p>\n\n\n\n<ol class=\"wp-block-list\">\n<li><strong>Predmet urejanja<\/strong><\/li>\n<\/ol>\n\n\n\n<p>Splo\u0161ni pogoji o pravicah in obveznostih iz naslova Membership in training agreementa, podjetja BigU akademija d.o.o. (v nadaljevanju: Splo\u0161ni pogoji) dolo\u010dajo pravila poslovanja v okviru podjetja BigU akademija d.o.o. ter pravice in dol\u017enosti, ki veljajo za dostop do poslovnega modela, Business in a Box (\u010dlanstvo v dru\u017eini \u2018Smart Money\u2019 in usposabljanje za opravljanje poslov zavarovalnega zastopanja.<\/p>\n\n\n\n<p>Pogodbeni stranki kot nesporno ugotavljata, da ima dru\u017eba storitev&nbsp;<strong>Business in a box<\/strong>&nbsp;ter s predmetno pogodbo pravice in dol\u017enosti, ki veljajo za \u010dlana pri za\u010detku uporabe, sami uporabi ter prenehanju uporabe navedene storitve Business in a box.<\/p>\n\n\n\n<p><strong>BUSINESS IN A BOX<\/strong><\/p>\n\n\n\n<ol class=\"wp-block-list\" start=\"2\">\n<li>\u010dlen<\/li>\n<\/ol>\n\n\n\n<p>Z Business in a box \u010dlan dobi dostop do treningov dru\u017ebe in dostop do materialov treningov:<\/p>\n\n\n\n<ul class=\"wp-block-list\">\n<li>SMART MONEY RADIO \u2013 audio univerza uspeha<\/li>\n\n\n\n<li>SMART MONEY ACADEMY \u2013video trening platforma<\/li>\n\n\n\n<li>TOP AGENT SUPPORT OFFICE \u2013trening, materiali, skripte, navodila<\/li>\n\n\n\n<li>Dostop do zaprte Facebook in Viber skupine<\/li>\n\n\n\n<li>Treningi in vaje vsak teden<\/li>\n<\/ul>\n\n\n\n<p>Poleg tega velja bonus presene\u010denje za prijavo in pla\u010dilo v roku 24 ur in sicer 2 online e-te\u010daja \u00bbNavike miljuna\u0161a\u00ab in \u00bbJutranji rituali miljuna\u0161a\u00ab&nbsp; v vrednosti 500\u20ac.<\/p>\n\n\n\n<p>&nbsp;<strong>PRAVICE IN DOL\u017dNOSTI \u010cLANA<\/strong><\/p>\n\n\n\n<ol class=\"wp-block-list\" start=\"3\">\n<li>\u010dlen<\/li>\n<\/ol>\n\n\n\n<p>\u010clan je pred sklenitvijo pogodbe bil v celoti seznanjen z vsebino navedenega dostopa in vsemi modalitetami le tega.<\/p>\n\n\n\n<ol class=\"wp-block-list\" start=\"4\">\n<li>\u010dlen<\/li>\n<\/ol>\n\n\n\n<p>Nujni pogoj za dostop do teh vsebin je poleg pla\u010dila 35\u20ac tudi izpolnjen eviden\u010dni list sodelavca in sicer v predpisanega obrazca ter je sestavni del predmetne pogodbe.<\/p>\n\n\n\n<ol class=\"wp-block-list\" start=\"5\">\n<li>\u010dlen<\/li>\n<\/ol>\n\n\n\n<p>\u010clan lahko odstopi od predmetne pogodbe v roku 7 dni od priklopa dostopa do v 2. \u010dlenu navedenih vsebin brez obrazlo\u017eitve in mu je dru\u017eba v roku 15 dni po prejemu njegovega obvestila dol\u017ena povrniti z njegove strani pla\u010dan znesek denarja. To odlo\u010ditev v predpisanem roku sporo\u010di na:&nbsp;<a href=\"https:\/\/old.smiljanmori.com\/sl\/splosni-pogoji-business-in-a-box\/info@biguacademy.com\">info@biguacademy.com<\/a>.<\/p>\n\n\n\n<ol class=\"wp-block-list\" start=\"6\">\n<li>\u010dlen<\/li>\n<\/ol>\n\n\n\n<p>\u010clan je dru\u017ebi dol\u017eni povrniti vso \u0161kodo, ki bi jo s svojim delovanjem ali opustitvami dol\u017enega ravnanja povzro\u010dil dru\u017ebi.<\/p>\n\n\n\n<p><strong>CENA IN ROK ZA DOSTOP DO NAVEDENIH VSEBIN<\/strong><\/p>\n\n\n\n<ol class=\"wp-block-list\" start=\"7\">\n<li>\u010dlen<\/li>\n<\/ol>\n\n\n\n<p>Za vse navedeno v 2. \u010dlenu predmetne pogodbe je dol\u017ean \u010dlan pla\u010dati ceno 35\u20ac z vklju\u010denim ddv.<\/p>\n\n\n\n<p>Gre za dostop do vsebin za maksimalno dobo 6 mesecev.<\/p>\n\n\n\n<p>Po roku navedenem v prej\u0161njem odstavku tega \u010dlena pa mora \u010dlan izpolnjevati pogoje za aktivnost, da lahko dostopa do teh vsebin.&nbsp;Gre za izvajanje treningov in vaj vsak teden.<\/p>\n\n\n\n<p>\u010clan namre\u010d prosto izbira obseg svojega delovanja, vendar je zavezan k stalni aktivnosti.<\/p>\n\n\n\n<p><strong>GARANCIJA<\/strong><\/p>\n\n\n\n<ol class=\"wp-block-list\" start=\"8\">\n<li>\u010dlen<\/li>\n<\/ol>\n\n\n\n<p>Garancija je obveznost, s katero se dru\u017eba zave\u017ee, da bo izdelek\/dostop do navedenih vsebin brezpla\u010dno popravila, zamenjala ali vrnilo pla\u010dan znesek:<\/p>\n\n\n\n<ul class=\"wp-block-list\">\n<li>kadar izdelek ne deluje brezhibno<\/li>\n\n\n\n<li>ali nima vsebine, navedene v predmetni pogodbi..<\/li>\n<\/ul>\n\n\n\n<p>\u010clan se v tem primeru lahko obrne se na dru\u017ebo po elektronski po\u0161ti:&nbsp;<a href=\"mailto:info@biguacademy.com\">info@biguacademy.com<\/a>.<\/p>\n\n\n\n<p>\u010ce ima izdelek\/dostop do navedenih vsebin napako in je v garanciji, lahko prvenstveno zahteva odpravo napak.<\/p>\n\n\n\n<p>\u0160ele \u010de napake niso odpravljene v skupnem roku 45 dni, mu mora dru\u017eba zamenjati dostop z enakim, novim in brezhibnim dostopom dogovorjenih vsebin.<\/p>\n\n\n\n<p>\u0160ele \u010de tega dru\u017eba ne stori, lahko &nbsp;\u010dlan razdre in zahteva vrnitev pla\u010danega zneska.<\/p>\n\n\n\n<p><strong>OBVESTILA IN SPORO\u010cILA<\/strong><\/p>\n\n\n\n<ol class=\"wp-block-list\" start=\"9\">\n<li>\u010dlen<\/li>\n<\/ol>\n\n\n\n<p>Reden na\u010din komuniciranja med dru\u017ebo in \u010dlanom v zvezi z izvajanjem dostopa do navedenih vsebin poteka preko elektronske po\u0161te. Pomembne objave, sporo\u010dila in navodila objavlja dru\u017eba tudi na spletni strani TopAgentSupportOffice.<\/p>\n\n\n\n<p>Sporo\u010dila, posredovana na zgoraj navedene na\u010dine \u0161tejejo za pisna sporo\u010dila. \u010clan se je dol\u017ean z njimi redno seznanjati in se po njih ravnati.<\/p>\n\n\n\n<p><strong>PRENEHANJE DOSTOPA DO NAVEDENIH VSEBIN<\/strong><\/p>\n\n\n\n<ol class=\"wp-block-list\" start=\"10\">\n<li>\u010dlen<\/li>\n<\/ol>\n\n\n\n<p>Vsaka stranka sme odpovedati pogodbo z 1-mese\u010dnim odpovednim rokom.<\/p>\n\n\n\n<p>Vsaka stranka lahko iz resnih razlogov, ki jih mora navesti, odstopi od pogodbe brez odpovednega roka.<\/p>\n\n\n\n<p>Dru\u017eba lahko prekine \u010dlanu dostop do navedenih vsebin brez odpovednega roka zlasti v naslednjih primerih:<\/p>\n\n\n\n<ul class=\"wp-block-list\">\n<li>\u010de v pomi\u010dnem \u010detrtletju (kvartalu) ne dose\u017ee s temi Splo\u0161nimi pogoji dolo\u010denega minimalnega obsega aktivnosti (prenehanje pogodbe zaradi neaktivnosti),<\/li>\n\n\n\n<li>v kolikor se skrbniku njegove pogodbe \u2013 managementu podjetja ne javijo v roku 14 dni,<\/li>\n\n\n\n<li>\u010de kakorkoli povzro\u010da s svojim delovanjem ali opustitvami dol\u017enega ravnanja dru\u017ebi \u0161kodo<\/li>\n\n\n\n<li>in v drugih primerih po presoji dru\u017ebe.<\/li>\n<\/ul>\n\n\n\n<p>V vseh navedenih primerih prenehanja dostopa do navedenih vsebin \u010dlan ni upravi\u010den do vra\u010dila pla\u010danega zneska, saj je dostop bil vklopljen in tudi kori\u0161\u010den v njegovo korist.<\/p>\n\n\n\n<p>Do prenehanja dostopa do navedenih vsebin zaradi neaktivnosti ne pride v primeru dalj\u0161e odsotnosti \u010dlana zaradi huj\u0161e bolezni, bolni\u0161kega stale\u017ea, nose\u010dnosti in porodni\u0161kega dopusta. Pogoj za ohranitev veljavnosti dostopa je, da \u010dlan pred iztekom pomi\u010dnega \u010detrtletja pisno zaprosi za podalj\u0161anje veljavnosti dostopa in izka\u017ee razloge z ustrezno dokumentacijo in potrdili na email dru\u017ebe:&nbsp;<a href=\"mailto:info@biguacademy.com\">info@biguacademy.com<\/a>.<\/p>\n\n\n\n<p><strong>TRAJANJE POGODBE<\/strong><\/p>\n\n\n\n<ol class=\"wp-block-list\" start=\"11\">\n<li>\u010dlen<\/li>\n<\/ol>\n\n\n\n<p>Pogodbeni stranki sta sporazumni, da je predmetna pogodba sklenjena za 6 mesecev.<\/p>\n\n\n\n<p>Dru\u017eba lahko po svoji presoji kadarkoli odpove \u010dlanu pogodbo brez odpovednega roka, v kolikor sama presodi, da za to obstajajo utemeljeni razlogi.<\/p>\n\n\n\n<p>\u010ce preneha veljavnost pogodbe sporazumno, pogodbeni stranki sporazumno dolo\u010dita rok prenehanja.<\/p>\n\n\n\n<p><strong>KON\u010cNE DOLO\u010cBE<\/strong><\/p>\n\n\n\n<ol class=\"wp-block-list\" start=\"12\">\n<li>\u010dlen<\/li>\n<\/ol>\n\n\n\n<p>Glede pravic in dol\u017enosti pogodbenih strank, ki niso dolo\u010dene v tej pogodbi ali splo\u0161nih pogojih se uporabljajo dolo\u010dila Obligacijskega zakonika in vseh ostalih ustreznih prisilnih predpisov.<\/p>\n\n\n\n<ol class=\"wp-block-list\" start=\"13\">\n<li>\u010dlen<\/li>\n<\/ol>\n\n\n\n<p>Vse morebitne nesporazume bosta pogodbeni stranki posku\u0161ali re\u0161evati po mirni poti z neposrednimi razgovori obeh pogodbenih strank, medtem ko je za morebitne spore pristojno stvarno pristojno sodi\u0161\u010de v Mariboru.<\/p>\n\n\n\n<ol class=\"wp-block-list\" start=\"14\">\n<li>\u010dlen<\/li>\n<\/ol>\n\n\n\n<p>Pogodbeni stranki prebereta predmetne Splo\u0161ne pogoje in pogodbo v obliki Eviden\u010dnega lista, nakar izjavita, da predstavlja njuno pravo in resni\u010dno voljo in jo podpi\u0161eta v obliki Eviden\u010dnega lista, katerega sestavni del so prav predmetni Splo\u0161ni pogoji.<\/p>\n\n\n\n<p>Pogodba stopi v veljavo z dnem podpisa Eviden\u010dnega lista in se za\u010dne izvajati istega dne.<\/p>\n\n\n\n<p>V kolikor se pogodbeni stranki \u017eelita dogovoriti \u0161e karkoli drugega je to potrebno storiti v pisni obliki z ustreznim Aneksom k predmetni pogodbi \u2013 Eviden\u010dnemu listu.<\/p>\n\n\n\n<p><strong>VELJAVNOST<\/strong><\/p>\n\n\n\n<ol class=\"wp-block-list\" start=\"15\">\n<li>\u010dlen<\/li>\n<\/ol>\n\n\n\n<p>Ti splo\u0161ni pogoji za Business in a box so sprejeti dne 1.2.2020 in se uporabljajo od tega dne dalje.<\/p>\n\n\n\n<p>Maribor, dne 1.2.2020<br><strong>BigU akademija<\/strong><strong>&nbsp;d.o.o.<\/strong><\/p>\n\n\n\n<p><strong>Helena Kodri\u010d Mori, direktor&nbsp;<\/strong><\/p>\n","protected":false},"excerpt":{"rendered":"<p>MEMBERSHIP IN TRAINING AGREEMENT Splo\u0161ni pogoji o pravicah in obveznostih Membership in training agreementa Splo\u0161ni pogoji o pravicah in obveznostih iz naslova Membership in training agreementa, podjetja BigU akademija d.o.o. (v nadaljevanju: Splo\u0161ni pogoji) dolo\u010dajo pravila poslovanja v okviru podjetja BigU akademija d.o.o. ter pravice in dol\u017enosti, ki veljajo za dostop do poslovnega modela, Business [&hellip;]<\/p>\n","protected":false},"author":275,"featured_media":0,"parent":0,"menu_order":0,"comment_status":"closed","ping_status":"closed","template":"","meta":{"footnotes":""},"class_list":["post-91614","page","type-page","status-publish","hentry"],"_links":{"self":[{"href":"https:\/\/old.smiljanmori.com\/sl\/wp-json\/wp\/v2\/pages\/91614","targetHints":{"allow":["GET"]}}],"collection":[{"href":"https:\/\/old.smiljanmori.com\/sl\/wp-json\/wp\/v2\/pages"}],"about":[{"href":"https:\/\/old.smiljanmori.com\/sl\/wp-json\/wp\/v2\/types\/page"}],"author":[{"embeddable":true,"href":"https:\/\/old.smiljanmori.com\/sl\/wp-json\/wp\/v2\/users\/275"}],"replies":[{"embeddable":true,"href":"https:\/\/old.smiljanmori.com\/sl\/wp-json\/wp\/v2\/comments?post=91614"}],"version-history":[{"count":1,"href":"https:\/\/old.smiljanmori.com\/sl\/wp-json\/wp\/v2\/pages\/91614\/revisions"}],"predecessor-version":[{"id":91615,"href":"https:\/\/old.smiljanmori.com\/sl\/wp-json\/wp\/v2\/pages\/91614\/revisions\/91615"}],"wp:attachment":[{"href":"https:\/\/old.smiljanmori.com\/sl\/wp-json\/wp\/v2\/media?parent=91614"}],"curies":[{"name":"wp","href":"https:\/\/api.w.org\/{rel}","templated":true}]}}