{"id":91610,"date":"2023-01-06T13:30:09","date_gmt":"2023-01-06T13:30:09","guid":{"rendered":"https:\/\/old.smiljanmori.com\/?page_id=91610"},"modified":"2023-01-06T13:30:10","modified_gmt":"2023-01-06T13:30:10","slug":"posebni-pogoji","status":"publish","type":"page","link":"https:\/\/old.smiljanmori.com\/sl\/posebni-pogoji\/","title":{"rendered":"Posebni pogoji"},"content":{"rendered":"\n<p><strong>Posebni pogoji in dolo\u010dila, ki veljajo za naro\u010dni\u0161ke izdelke<\/strong><\/p>\n\n\n\n<p>Pridr\u017eujemo si pravico do spreminjanja cen katerih koli naro\u010dni\u0161kih izdelkov. Ne odgovarjamo za napake v kopijah in slikah, ki so povezane z naro\u010dni\u0161kimi izdelki. Dolo\u010deni naro\u010dni\u0161ki izdelki in mo\u017enosti pla\u010dila (npr. letno, mese\u010dno), ki jih ponudimo v vsakem obdobju, se lahko po na\u0161i presoji spremenijo.<\/p>\n\n\n\n<p>\u010ce \u017eelite kupiti naro\u010dni\u0161ki izdelek, boste morda morali vnesti popolne in to\u010dne osebne podatke, vklju\u010dno z imenom, naslovom, telefonsko \u0161tevilko, e-po\u0161tnim naslovom, podatki kreditne kartice in naslovom za izstavljanje ra\u010duna, toda neomejeno na vse to. V na\u0161em pravilniku o zasebnosti je razlo\u017eeno, kako podatke, pridobljeni preko spletnega mesta, lahko uporabljamo. Va\u0161a mo\u017enost nakupa naro\u010dni\u0161kih izdelkov je podvr\u017eena omejitvam, ki jih dolo\u010da izdajatelj va\u0161e kreditne kartice. O kakr\u0161ni koli spremembi podatkov kreditne kartice nas morate takoj obvestiti, vklju\u010dno z morebitno spremembo doma\u010dega naslova. \u010ce za nakup katerega koli izdelka, ki je na voljo na spletnem mestu, uporabite kreditno ali debetno kartico, nas poobla\u0161\u010date, da kartico redno bremenimo, kot je dolo\u010deno pri znesku, ki je opisan na veljavni poti nakupa naro\u010dni\u0161kega izdelka.<\/p>\n\n\n\n<p><strong>Pravila glede obra\u010dunavanja in samodejnega obnavljanja za naro\u010dni\u0161ke izdelke<\/strong><\/p>\n\n\n\n<ul class=\"wp-block-list\">\n<li>Pri&nbsp;<strong>mese\u010dni naro\u010dnini<\/strong>&nbsp;na naro\u010dni\u0161ke izdelke BigU se obdobje za\u010dne ob nakupu, obra\u010dunava pa se vsak mesec leta. Va\u0161a naro\u010dnina se vsak mesec samodejno obnovi, razen \u010de jo prekli\u010dete pred datumom bremenitve. Za preklic mese\u010dne naro\u010dnine se obrnite na podporo za stranke BigU na naslov&nbsp;<a href=\"mailto:info@biguacademy.com\">info@biguacademy.com<\/a>.<\/li>\n\n\n\n<li>Va\u0161 dostop se lahko za\u010dne z izbranim \u010dasovnim obdobjem, ko lahko naro\u010dni\u0161ki izdelek uporabljate brezpla\u010dno (\u00bbbrezpla\u010dno poskusno obdobje), kar je odvisno od dolo\u010dene promocije, ki je ali pa ni ponujena v dolo\u010denem obdobju. Naro\u010dni\u0161ki izdelki, ki imajo na za\u010detki brezpla\u010dno poskusno obdobje, bodo zara\u010dunani ob koncu brezpla\u010dnega poskusnega obdobja, razen \u010de svoje naro\u010dilo prekli\u010dete v skladu z veljavnimi navodili. Za preklic brezpla\u010dnega poskusnega obdobja ali naknadne naro\u010dnine lahko po\u0161ljete elektronsko po\u0161to na naslov&nbsp;<a href=\"mailto:info@biguacademy.com\">info@biguacademy.com<\/a>.<\/li>\n<\/ul>\n\n\n\n<h3 class=\"wp-block-heading\">POSEBNI POGOJI ZA NARO\u010cNINE SO DEL SPLO\u0160NIH POGOJEV!<\/h3>\n","protected":false},"excerpt":{"rendered":"<p>Posebni pogoji in dolo\u010dila, ki veljajo za naro\u010dni\u0161ke izdelke Pridr\u017eujemo si pravico do spreminjanja cen katerih koli naro\u010dni\u0161kih izdelkov. Ne odgovarjamo za napake v kopijah in slikah, ki so povezane z naro\u010dni\u0161kimi izdelki. Dolo\u010deni naro\u010dni\u0161ki izdelki in mo\u017enosti pla\u010dila (npr. letno, mese\u010dno), ki jih ponudimo v vsakem obdobju, se lahko po na\u0161i presoji spremenijo. \u010ce [&hellip;]<\/p>\n","protected":false},"author":275,"featured_media":0,"parent":0,"menu_order":0,"comment_status":"closed","ping_status":"closed","template":"","meta":{"footnotes":""},"class_list":["post-91610","page","type-page","status-publish","hentry"],"_links":{"self":[{"href":"https:\/\/old.smiljanmori.com\/sl\/wp-json\/wp\/v2\/pages\/91610","targetHints":{"allow":["GET"]}}],"collection":[{"href":"https:\/\/old.smiljanmori.com\/sl\/wp-json\/wp\/v2\/pages"}],"about":[{"href":"https:\/\/old.smiljanmori.com\/sl\/wp-json\/wp\/v2\/types\/page"}],"author":[{"embeddable":true,"href":"https:\/\/old.smiljanmori.com\/sl\/wp-json\/wp\/v2\/users\/275"}],"replies":[{"embeddable":true,"href":"https:\/\/old.smiljanmori.com\/sl\/wp-json\/wp\/v2\/comments?post=91610"}],"version-history":[{"count":1,"href":"https:\/\/old.smiljanmori.com\/sl\/wp-json\/wp\/v2\/pages\/91610\/revisions"}],"predecessor-version":[{"id":91611,"href":"https:\/\/old.smiljanmori.com\/sl\/wp-json\/wp\/v2\/pages\/91610\/revisions\/91611"}],"wp:attachment":[{"href":"https:\/\/old.smiljanmori.com\/sl\/wp-json\/wp\/v2\/media?parent=91610"}],"curies":[{"name":"wp","href":"https:\/\/api.w.org\/{rel}","templated":true}]}}