{"id":91602,"date":"2023-01-06T13:24:55","date_gmt":"2023-01-06T13:24:55","guid":{"rendered":"https:\/\/old.smiljanmori.com\/?page_id=91602"},"modified":"2023-01-06T13:35:24","modified_gmt":"2023-01-06T13:35:24","slug":"politika-zasebnosti","status":"publish","type":"page","link":"https:\/\/old.smiljanmori.com\/sl\/politika-zasebnosti\/","title":{"rendered":"Politika zasebnosti"},"content":{"rendered":"\n<p><strong>OBVESTILO POSAMEZNIKOM PO 13. \u010cLENU SPLO\u0160NE UREDBE O VARSTVU PODATKOV (GDPR) GLEDE OBDELAVE OSEBNIH PODATKOV<\/strong><\/p>\n\n\n\n<p>V tej izjavi o varstvu osebnih podatkov vas \u017eelimo obvestiti, katere osebne podatke lahko obdelujemo, zakaj jih obdelujemo in kako zagotavljamo spo\u0161tovanje va\u0161ih pravic in zasebnosti.<\/p>\n\n\n\n<p>Za\u0161\u010dita va\u0161e zasebnosti je za nas izredno pomembna, zato pozorno preberite to obvestilo.<\/p>\n\n\n\n<p><strong>POMEN UPORABLJENIH IZRAZOV<\/strong><\/p>\n\n\n\n<ul class=\"wp-block-list\">\n<li><strong>Dru\u017eba:&nbsp;<\/strong>pomeni dru\u017ebo BigU akademija, d.o.o. (v nadaljevanju tudi mi, oziroma upravljavec)<\/li>\n\n\n\n<li><strong>Osebni podatek<\/strong>: pomeni katerokoli informacijo v zvezi z dolo\u010denim ali dolo\u010dljivim posameznikom; dolo\u010dljiv posameznik je tisti, ki ga je na podlagi te informacije mogo\u010de neposredno ali posredno dolo\u010diti.<\/li>\n\n\n\n<li><strong>Obdelava<\/strong>: pomeni vsako dejanje ali niz dejanj, ki se izvaja v zvezi z osebnimi podatki ali nizi osebnih podatkov z avtomatiziranimi sredstvi ali brez njih, kot je zbiranje, bele\u017eenje, urejanje, strukturiranje, shranjevanje, prilagajanje ali spreminjanje, priklic, vpogled, uporaba, razkritje s posredovanjem, raz\u0161irjanje ali druga\u010dno omogo\u010danje dostopa, prilagajanje ali kombiniranje, omejevanje, izbris ali uni\u010denje.<\/li>\n\n\n\n<li><strong>Omejitev obdelave<\/strong>: pomeni ozna\u010devanje shranjenih osebnih podatkov zaradi omejevanja njihove obdelave v prihodnosti.<\/li>\n\n\n\n<li><strong>Oblikovanje profilov<\/strong>: pomeni vsako obliko avtomatizirane obdelave osebnih podatkov, ki vklju\u010duje uporabo osebnih podatkov za ocenjevanje nekaterih osebnih vidikov v zvezi s posameznikom, zlasti za analizo ali predvidevanje uspe\u0161nosti pri delu, ekonomskega polo\u017eaja, zdravja, osebnega okusa, interesov, zanesljivosti, vedenja, lokacije ali gibanja tega posameznika.<\/li>\n\n\n\n<li><strong>Zbirka<\/strong>: pomeni vsak strukturiran niz osebnih podatkov, ki so dostopni v skladu s posebnimi merili, niz pa je lahko centraliziran , decentraliziran ali razpr\u0161en na funkcionalni ali geografski podlagi.<\/li>\n\n\n\n<li><strong>Upravljavec<\/strong>: pomeni fizi\u010dno ali pravno osebo, javni organ, agencijo ali drugo telo, ki samo ali skupaj z drugimi dolo\u010da namene in sredstva obdelave.<\/li>\n\n\n\n<li><strong>Obdelovalec<\/strong>: pomeni fizi\u010dno ali pravno osebo, javni organ, agencijo ali drugo telo, ki obdeluje osebne podatke v imenu upravljavca.<\/li>\n\n\n\n<li><strong>Uporabnik<\/strong>: pomeni fizi\u010dno ali pravno osebo, javni organ, agencijo ali drugo telo, ki so mu bili osebni podatki razkriti, ne glede na to, ali je tretja oseba ali ne. &nbsp;<\/li>\n\n\n\n<li><strong>Tretja oseba<\/strong>: pomeni fizi\u010dno ali pravno osebo, javni organ, agencijo ali telo, ki ni posameznik, na katerega se nana\u0161ajo osebni podatki, upravljavec, obdelovalec in osebe, ki so poobla\u0161\u010dene za obdelavo osebnih podatkov pod neposrednim vodstvom upravljavca ali &nbsp;&nbsp;obdelovalca;<\/li>\n\n\n\n<li><strong>Privolitev posameznika, na katerega se nana\u0161ajo osebni podatki<\/strong>: pomeni vsako prostovoljno, konkretno, informirano in nedvoumno ravnanje v obliki izjave ali druga\u010dnega jasnega aktivnega delovanja, iz katerega je mogo\u010de sklepati na \u017eelje posameznika, na katerega se nana\u0161ajo osebni podatki, s katero izrazi strinjanje z obdelavo osebnih podatkov, ki se nana\u0161ajo nanj.<\/li>\n\n\n\n<li><strong>Kr\u0161itev varnosti osebnih podatkov:&nbsp;<\/strong>pomeni kr\u0161itev varnosti, ki povzro\u010di nenamerno ali nezakonito uni\u010denje, izgubo, spremembo, nepoobla\u0161\u010deno razkritje ali dostop do osebnih podatkov, ki so poslani, shranjeni ali kako druga\u010de obdelani.<\/li>\n\n\n\n<li><strong>Nadzorni organ<\/strong>: pomeni neodvisen javni organ, ki ga ustanovi dr\u017eava \u010dlanica. V Republiki Sloveniji je nadzorni organ Informacijski poobla\u0161\u010denec.<\/li>\n\n\n\n<li><strong>\u010cezmejna obdelava osebnih podatkov<\/strong>: pomeni bodisi (1) obdelavo osebnih podatkov, ki poteka v EU v okviru dejavnosti sede\u017eev upravljavca ali obdelovalca v ve\u010d kot eni dr\u017eavi, kadar ima upravljavec ali obdelovalec sede\u017e v ve\u010d kot eni dr\u017eavi \u010dlanici, bodisi (2) obdelavo osebnih podatkov, ki poteka v EU v okviru dejavnosti edinega sede\u017ea upravljavca ali obdelovalca, vendar obdelava znatno vpliva ali bi lahko znatno vplivala na posameznike, na katere se nana\u0161ajo osebni podatki, v ve\u010d kot eni dr\u017eavi \u010dlanici.<\/li>\n\n\n\n<li><strong>Pogodbeni partnerji dru\u017ebe<\/strong>: pomeni tiste subjekte, s katerimi dru\u017eba poslovno sodeluje in v sodelovanju s katerimi skupaj ali lo\u010deno pripravi ugodnosti in posebne ponudbe bodisi svojih storitev bodisi storitev teh pogodbenih partnerjev. Tem subjektom lahko dru\u017eba, na podlagi predhodne izrecne privolitve posameznika, posreduje osebne podatke za dovoljene namene tr\u017eenja.<\/li>\n<\/ul>\n\n\n\n<p>Za izraz, ki ni izrecno obrazlo\u017een v tem odstavku, se neposredno uporablja njegov pomen, kot izhaja iz GDPR in veljavnega Zakona o varstvu osebnih podatkov.<\/p>\n\n\n\n<p><strong>IDENTITETA IN KONTAKTNI PODATKI UPRAVLJAVCA<\/strong><\/p>\n\n\n\n<p>Za dolo\u010ditev namena in na\u010dina obdelave va\u0161ih osebnih podatkov, je v skladu s Splo\u0161no uredbo o varstvu podatkov (Uredba (EU) 2016\/679) odgovoren upravljavec:<\/p>\n\n\n\n<p><strong>Naziv:&nbsp;<\/strong>BIGU AKADEMIJA, izobra\u017eevanje, svetovanje in trgovina, d.o.o.<\/p>\n\n\n\n<p><strong>Sede\u017e:<\/strong>&nbsp;Partizanska cesta 6, 2000 Maribor<\/p>\n\n\n\n<p><strong>Mati\u010dna \u0161tevilka:&nbsp;<\/strong>6152066000<\/p>\n\n\n\n<p><strong>Telefonska \u0161tevilka:<\/strong>&nbsp;02\/ 23 48 400<\/p>\n\n\n\n<p><strong>Naslov e-po\u0161te:<\/strong>&nbsp;<a href=\"mailto:info@biguacademy.com\">info@biguacademy.com<\/a><\/p>\n\n\n\n<p><strong>POOBLA\u0160\u010cENA OSEBA ZA VARSTVO OSEBNIH PODATKOV<\/strong><\/p>\n\n\n\n<p>Poobla\u0161\u010dena oseba za varstvo osebnih podatkov upravljavca je IEPRI, in\u0161titut za e-poslovanje, regulativo in informatiko d.o.o., Dunajska cesta 106, 1000 Ljubljana. S poobla\u0161\u010deno osebo lahko stopite v stik preko e- naslova: pooblascena.oseba@iepri.s.<\/p>\n\n\n\n<p><strong>ZA KATERE&nbsp; NAMENE IN NA KAK\u0160NI PRAVNI PODLAGI OBDELUJEMO VA\u0160E OSEBNE PODATKE?<\/strong><\/p>\n\n\n\n<p>Va\u0161e osebne podatke obdelujemo v skladu z dolo\u010dbami Splo\u0161ne uredbe o varstvu podatkov, Zakona o varstvu osebnih podatkov in Obligacijskega zakonika za&nbsp;<strong>namen<\/strong>:<\/p>\n\n\n\n<ul class=\"wp-block-list\">\n<li>osebe, ki preko spletne strani naro\u010dijo knjigo: obravnava naro\u010dila in zagotovitev naro\u010denega produkta,<\/li>\n\n\n\n<li>osebe, ki se pridru\u017eijo VIP skupnosti:<\/li>\n<\/ul>\n\n\n\n<p>Po\u0161iljanje e-novi\u010dk Smart Money News<\/p>\n\n\n\n<p>Radi bi, da ste finan\u010dno pismeni \u2013 finan\u010dno varni in neodvisni. Verjamemo, da vam na\u0161e novi\u010dke lahko pri tem pomagajo in vam ponudijo mnogo poslovnih idej in prilo\u017enosti.<\/p>\n\n\n\n<p>Po\u0161iljanje rojstnodnevnih \u010destitk<\/p>\n\n\n\n<p>Ob va\u0161em rojstnem dnevu bi vam radi izkazali pozornost in vam \u010destitali za osebni praznik.<\/p>\n\n\n\n<p>Kontaktiranje v zvezi s poslovno prilo\u017enostjo<\/p>\n\n\n\n<p>Ponujamo vam prilo\u017enost, da postanete na\u0161i sodelavci in s tem neodvisni samostojni podjetnik, ki sam odlo\u010da koliko bo delal in koliko zaslu\u017eil. \u010ce \u017eelite postati del na\u0161ega teama vas bomo kontaktirali.<\/p>\n\n\n\n<p>Neposredno tr\u017eenje<\/p>\n\n\n\n<p>Podatke obdelujemo v skladu z naslednjimi&nbsp;<strong>pravnimi temelji<\/strong>:<\/p>\n\n\n\n<p><strong><u>Sklepanje in izvr\u0161evanje pogodb<\/u><\/strong><\/p>\n\n\n\n<p>Obdelava va\u0161ih osebnih podatkov temelji na to\u010dki (b) prvega odstavka 6. \u010dlana Splo\u0161ne uredbe o varstvu podatkov.<\/p>\n\n\n\n<p>Pri osebnih podatkih, ki nam jih posredujete za namen nakupa knnjige, gre za podatke, ki so nujno potrebni za sklenitev poslovnega razmerja, ali izvr\u0161evanje posameznega pogodbeno-poslovnega odnosa. Brez posredovanih podatkov pogodbe ne moremo skleniti in kasneje izpolniti pravic in obveznosti, ki iz tega pogodbenega razmerja izhajajo. Podatke v tem primeru obdelujemo za namen izvajanja pogodbe.&nbsp;<\/p>\n\n\n\n<p><strong><u>Privolitev<\/u><\/strong><\/p>\n\n\n\n<p>&nbsp;Obdelava va\u0161ih osebnih podatkov temelji na to\u010dki (a) prvega odstavka 6. \u010dlena Splo\u0161ne uredbe o varstvu podatkov.<\/p>\n\n\n\n<p>Va\u0161e osebne podatke, ki nam jih posredujete preko obrazca za v\u010dlanitev v VIP skupnost obdelujemo na podlagi dane privolitve. Zato vas obve\u0161\u010damo tudi, da imate pravico kadar koli umakniti privolitev na na\u010din, kot je opisano spodaj med va\u0161imi pravicami, ne da bi to vplivalo na zakonitost obdelave podatkov, ki se je na podlagi privolitve izvajala do njenega preklica. V primeru, da osebnih podatkov ne posredujete ali oziroma v kolikor soglasje prekli\u010dete, upravljavec ne more izpolniti namena, za katerega se podatki zbirajo.<\/p>\n\n\n\n<p>V kolikor bomo va\u0161e osebne podatke nadalje obdelovati za namen, ki ni namen, za katerega smo jih zbrali, vam bomo pred dodatno obdelavo posredovali vse predpisane informacije o tem drugem namenu, skladno s 13. \u010dlenom Splo\u0161ne uredbe o varstvu podatkov.<\/p>\n\n\n\n<p><strong>KATERE KATEGORIJE OSEBNIH PODATKOV OBDELUJEMO?<\/strong><\/p>\n\n\n\n<p>Da bi upravljavec osebnih podatkov dosegel namen obdelave, ki je zapisan v tej izjavi, obdeluje slede\u010de vrste osebnih podatkov:<\/p>\n\n\n\n<ul class=\"wp-block-list\">\n<li>podatki za nakup knjige: ime in priimek, elektronski naslov, naziv podjetja, dr\u017eava, naslov, telefonska \u0161tevilka,<\/li>\n\n\n\n<li>podatki za v\u010dlanitev v VIP skupnost (obseg podatkov je za posamezne osebe lahko razli\u010den, saj je odvisen od namena za katerega so bili posredovani): ime in priimek, elektornski naslov, naslov prebivali\u0161\u010da, datum rojstva, telefonska \u0161tevilka, spol oziroma drugi podatki, ki jih je oseba prostovoljno posredovala.<\/li>\n<\/ul>\n\n\n\n<p><strong>KOMU SO VA\u0160I PODATKI LAHKO RAZKRITI?<\/strong><\/p>\n\n\n\n<p>\u010ce je treba dose\u010di zgoraj omenjen namen obdelave ali \u010de to dolo\u010dajo predpisi, lahko va\u0161e osebne podatke razkrijemo fizi\u010dnim in pravnim osebam, javnim organom ali drugim organom (zunanjim uporabnikom). Ne glede na to, katerim zunanjim uporabnikom posredujemo va\u0161e osebne podatke, bomo zagotovili le tiste podatke, ki so potrebni za dosego dolo\u010denega namena obdelave.<\/p>\n\n\n\n<p>Podatke lahko posredujemo naslednjim zunanjim uporabnikom:<\/p>\n\n\n\n<ul class=\"wp-block-list\">\n<li>Smart Money Solutions, d.o.o.,<\/li>\n\n\n\n<li>Skupina Mori, d.o.o.<\/li>\n<\/ul>\n\n\n\n<p>Kadar v skladu s predpisi za obdelavo va\u0161ih osebnih podatkov najamemo druge fizi\u010dne ali pravne osebe, ki bodo va\u0161e osebne podatke obdelovale izklju\u010dno v na\u0161em imenu in v skladu z na\u0161imi navodili (obdelovalci), bomo najeli le tiste obdelovalce, ki lahko zagotovijo izvajanje ustreznih tehni\u010dnih in organizacijskih ukrepov, ki izpolnjujejo zahteve Splo\u0161ne uredbe o varstvu podatkov in predpisov o varstvu osebnih podatkov ter zagotavljajo ustrezno za\u0161\u010dito va\u0161ih pravic.<\/p>\n\n\n\n<p><strong>KJE SE VA\u0160I OSEBNI PODATKI OBDELUJEJO?<\/strong><\/p>\n\n\n\n<p>Va\u0161i osebni podatki se obdelujejo zgolj znotraj Evropskega gospodarskega prostora (EGP).<\/p>\n\n\n\n<p><strong>KAKO DOLGO HRANIMO VA\u0160E OSEBNE PODATKE?<\/strong><\/p>\n\n\n\n<p>Obdobje hrambe osebnih podatkov je odvisno od podlage obdelave in namena obdelave posamezne kategorije osebnih podatkov. Osebni podatki se hranijo le toliko \u010dasa, kolikor je to potrebno za dosego namena, zaradi katerega so se zbirali ali nadalje obdelovali. Osebni podatki se po izpolnitvi namena obdelav, \u010de ne obstaja druga pravna podlaga ali \u010de je to potrebno za uveljavljanje, izvajanje ali obrambo pravnih zahtevkov, zbri\u0161ejo, uni\u010dijo, blokirajo ali anonimizirajo.<\/p>\n\n\n\n<p>Podatki, ki so potrebni za nakup knjige se lahko hranijo \u0161e 5 let od datuma pla\u010dila na podlagi splo\u0161nega zastaralnega roka iz 346. \u010dlena Obligacijskega zakonika (OZ-UPB1, Uradni list RS, \u0161t. 97\/07 \u2013 uradno pre\u010di\u0161\u010deno besedilo, 64\/16 \u2013 odl. US in 20\/18 \u2013 OROZ631), dav\u010dno pomembni podatki pa 10 let po poteku leta na katero se ra\u010duni nana\u0161ajo na podlagi 5. odstavka 86. \u010dlena Zakona o davku na dodano vrednost (ZDDV-1-UPB3, Ur.l. RS, \u0161t. 13\/11 \u2013 uradno pre\u010di\u0161\u010deno besedilo, 18\/11, 78\/11, 38\/12, 83\/12, 86\/14, 90\/15, 77\/18, 59\/19, 72\/19 in 196\/21 \u2013 ZDOsk in 3\/22).<\/p>\n\n\n\n<p>Podatki, ki jih osebe posredujejo v okviru v\u010dlanitve v VIP skupnost se lahko hranijo do do preklica soglasja s strani posameznika na podlagi tretjega odstavka 7. \u010dlena Uredbe (EU) 2016\/679 Evropskega parlamenta in Sveta.<\/p>\n\n\n\n<p><strong>KAK\u0160NE SO VA\u0160E PRAVICE V ZVEZI Z OBDELAVO VA\u0160IH OSEBNIH PODATKOV?<\/strong><\/p>\n\n\n\n<p>Kot osebo, katere osebne podatke obdelujemo, vas \u017eelimo obvestiti, da imate pod pogoji, ki jih predpisuje Splo\u0161na uredba o varstvu podatkov, naslednje pravice glede obdelave va\u0161ih osebnih podatkov:<\/p>\n\n\n\n<p><strong><u>Pravica do preklica privolitve<\/u><\/strong><\/p>\n\n\n\n<p>Privolitev v posredovanje osebnih podatkov je prostovoljna, soglasje pa lahko kadarkoli prekli\u010dete, ne da bi to vplivalo na zakonitost obdelave podatkov, ki se je na podlagi privolitve izvajala do njenega preklica. To lahko storite na&nbsp;<a href=\"mailto:info@biguacademy.com\">info@biguacademy.com<\/a>.<\/p>\n\n\n\n<p><strong><u>Pravica dostopa oziroma seznanitve<\/u><\/strong><\/p>\n\n\n\n<p>Posameznik, na katerega se nana\u0161ajo osebni podatki, ima pravico dostopa do osebnih podatkov, ki so bili zbrani v zvezi z njim, da se seznani z obdelavo in preveri njeno zakonitost.<\/p>\n\n\n\n<p><strong><u>Pravica do popravka<\/u><\/strong><\/p>\n\n\n\n<p>Imate pravico do posodobitve va\u0161ih informacij in popravka neto\u010dnih podatkov, s \u010dimer zagotovite, da imamo o vas vedno pravilne podatke.<\/p>\n\n\n\n<p><strong><u>Pravica do izbrisa<\/u><\/strong><\/p>\n\n\n\n<p>Posameznik, na katerega se nana\u0161ajo osebni podatki, ima pravico dose\u010di, da upravljavec brez nepotrebnega odla\u0161anja izbri\u0161e osebne podatke v zvezi z njim, kadar velja eden od naslednjih razlogov:<\/p>\n\n\n\n<ul class=\"wp-block-list\">\n<li>osebni podatki niso ve\u010d potrebni v namene, za katere so bili zbrani ali kako druga\u010de obdelani,<\/li>\n\n\n\n<li>posameznik, na katerega se nana\u0161ajo osebni podatki, prekli\u010de privolitev, na podlagi katere poteka obdelava in kadar za obdelavo ne obstaja nobena druga pravna podlaga,<\/li>\n\n\n\n<li>posameznik, na katerega se nana\u0161ajo osebni podatki, obdelavi ugovarja, za njihovo obdelavo pa ne obstajajo nobeni prevladujo\u010di zakoniti razlogi,<\/li>\n\n\n\n<li>osebni podatki so bili obdelani nezakonito,<\/li>\n\n\n\n<li>\u010de tako dolo\u010da zakon.<\/li>\n<\/ul>\n\n\n\n<p><strong><u>Pravica do ugovora<\/u><\/strong><\/p>\n\n\n\n<p>Vedno lahko posredujete ugovor obdelavi va\u0161ih osebnih podatkov za neposredno tr\u017eenje. To pomeni, da bomo v primeru va\u0161ega ugovora prenehali z nadaljnjo uporabo va\u0161ih osebnih podatkov za neposredno tr\u017eenje. Prav tako imate pravico do ugovora kakr\u0161nikoli obdelavi, ki jo izvajamo glede na legitimen interes. V primeru podaje ugovora morate natan\u010dno opredeliti, \u010demu ugovarjate in zakaj. Nato moramo dokazati prepri\u010dljive legitimne razloge za obdelavo, ki prevladajo nad interesi, pravicami in svobo\u0161\u010dinami posameznika, oz. pokazati, da je na\u0161a obdelava podatkov namenjena vzpostavitvi, uveljavitvi ali obrambi pravnih zahtevkov.<\/p>\n\n\n\n<p><strong><u>Pravica do omejitve<\/u><\/strong><\/p>\n\n\n\n<p>Pravico imate zahtevati za\u010dasno omejitev obdelave va\u0161ih osebnih podatkov. Obdelava se lahko omeji v naslednjih primerih:<\/p>\n\n\n\n<ul class=\"wp-block-list\">\n<li>posameznik oporeka to\u010dnosti podatkov, in sicer za obdobje, ki upravljavcu omogo\u010da preveriti to\u010dnost osebnih podatkov,<\/li>\n\n\n\n<li>je obdelava nezakonita in posameznik nasprotuje izbrisu osebnih podatkov, ter namesto tega zahteva omejitev njihove uporabe,<\/li>\n\n\n\n<li>upravljavec osebnih podatkov ne potrebuje ve\u010d za namene obdelave, temve\u010d jih posameznik potrebuje za uveljavljanje, izvajanje ali obrambo pravnih zahtevkov,<\/li>\n\n\n\n<li>je posameznik vlo\u017eil ugovor v skladu z dolo\u010dili zakona, ki ureja varstvo osebnih podatkov (21(1) GDPR), v zvezi z obdelavo podatkov, dokler se ne preveri, ali zakoniti razlogi upravljavca prevladajo nad razlogi posameznika, na katerega se nana\u0161ajo osebni podatki.<\/li>\n<\/ul>\n\n\n\n<p><strong><u>&nbsp;Pravica do prenosljivosti podatkov<\/u><\/strong><\/p>\n\n\n\n<p>Pravico imate do pridobitve podatkov, ki ste nam jih posredovali, da bi jih uporabili drugje. Ta pravica velja samo v primerih, kadar na\u0161a obdelava va\u0161ih osebnih podatkov temelji na va\u0161em posredovanem soglasju k obdelavi osebnih podatkov oz. kadar ste z nami podpisali pogodbo.<\/p>\n\n\n\n<p><strong><u>Pravica do vlo\u017eitve prito\u017ebe pri nadzornem organu<\/u><\/strong><\/p>\n\n\n\n<p>\u010ce menite, da z obdelavo osebnih podatkov kr\u0161imo dolo\u010dila na podro\u010dju varstva osebnih podatkov, imate pravico vlo\u017eiti prito\u017ebo pri nadzornem organu. V Republiki Sloveniji je to Informacijski poobla\u0161\u010denec (naslov: Dunajska 22, 1000 Ljubljana, e-naslov:&nbsp;<a href=\"mailto:gp.ip@ip-rs.si\">gp.ip@ip-rs.si<\/a>, telefon: 01 230 97 30, spletna stran:&nbsp;<a href=\"http:\/\/www.ip-rs.si\/\">www.ip-rs.si<\/a>).<\/p>\n\n\n\n<p>Dru\u017eba BigU akademija, d.o.o. si pridru\u017euje pravico do sprememb ali dopolnitev teh Splo\u0161nih informacij za zagotavljanje skladnosti s predpisi s podro\u010dja varstva osebnih podatkov.<\/p>\n\n\n\n<p>Te Splo\u0161ne informacije veljajo in se uporabljajo od&nbsp; 1.2.2020 dalje.<\/p>\n\n\n\n<p>BigU akademija, d.o.o.<\/p>\n","protected":false},"excerpt":{"rendered":"<p>OBVESTILO POSAMEZNIKOM PO 13. \u010cLENU SPLO\u0160NE UREDBE O VARSTVU PODATKOV (GDPR) GLEDE OBDELAVE OSEBNIH PODATKOV V tej izjavi o varstvu osebnih podatkov vas \u017eelimo obvestiti, katere osebne podatke lahko obdelujemo, zakaj jih obdelujemo in kako zagotavljamo spo\u0161tovanje va\u0161ih pravic in zasebnosti. Za\u0161\u010dita va\u0161e zasebnosti je za nas izredno pomembna, zato pozorno preberite to obvestilo. POMEN [&hellip;]<\/p>\n","protected":false},"author":275,"featured_media":0,"parent":0,"menu_order":0,"comment_status":"closed","ping_status":"closed","template":"","meta":{"footnotes":""},"class_list":["post-91602","page","type-page","status-publish","hentry"],"_links":{"self":[{"href":"https:\/\/old.smiljanmori.com\/sl\/wp-json\/wp\/v2\/pages\/91602","targetHints":{"allow":["GET"]}}],"collection":[{"href":"https:\/\/old.smiljanmori.com\/sl\/wp-json\/wp\/v2\/pages"}],"about":[{"href":"https:\/\/old.smiljanmori.com\/sl\/wp-json\/wp\/v2\/types\/page"}],"author":[{"embeddable":true,"href":"https:\/\/old.smiljanmori.com\/sl\/wp-json\/wp\/v2\/users\/275"}],"replies":[{"embeddable":true,"href":"https:\/\/old.smiljanmori.com\/sl\/wp-json\/wp\/v2\/comments?post=91602"}],"version-history":[{"count":2,"href":"https:\/\/old.smiljanmori.com\/sl\/wp-json\/wp\/v2\/pages\/91602\/revisions"}],"predecessor-version":[{"id":91620,"href":"https:\/\/old.smiljanmori.com\/sl\/wp-json\/wp\/v2\/pages\/91602\/revisions\/91620"}],"wp:attachment":[{"href":"https:\/\/old.smiljanmori.com\/sl\/wp-json\/wp\/v2\/media?parent=91602"}],"curies":[{"name":"wp","href":"https:\/\/api.w.org\/{rel}","templated":true}]}}