{"id":91568,"date":"2023-01-06T12:49:12","date_gmt":"2023-01-06T12:49:12","guid":{"rendered":"https:\/\/old.smiljanmori.com\/?page_id=91568"},"modified":"2023-01-10T11:10:00","modified_gmt":"2023-01-10T11:10:00","slug":"sales-warrior","status":"publish","type":"page","link":"https:\/\/old.smiljanmori.com\/sl\/sales-warrior\/","title":{"rendered":"sales warrior"},"content":{"rendered":"\t\t<div data-elementor-type=\"wp-page\" data-elementor-id=\"91568\" class=\"elementor elementor-91568 elementor-91271\" data-elementor-post-type=\"page\">\n\t\t\t\t\t\t<section class=\"elementor-section elementor-top-section elementor-element elementor-element-6e936b93 elementor-section-boxed elementor-section-height-default elementor-section-height-default\" data-id=\"6e936b93\" data-element_type=\"section\" data-e-type=\"section\">\n\t\t\t\t\t\t<div class=\"elementor-container elementor-column-gap-default\">\n\t\t\t\t\t<div class=\"elementor-column elementor-col-100 elementor-top-column elementor-element elementor-element-4e542259\" data-id=\"4e542259\" data-element_type=\"column\" data-e-type=\"column\">\n\t\t\t<div class=\"elementor-widget-wrap elementor-element-populated\">\n\t\t\t\t\t\t<div class=\"elementor-element elementor-element-765356b6 elementor-widget elementor-widget-image\" data-id=\"765356b6\" data-element_type=\"widget\" data-e-type=\"widget\" data-widget_type=\"image.default\">\n\t\t\t\t<div class=\"elementor-widget-container\">\n\t\t\t\t\t\t\t\t\t\t\t\t\t\t\t<img fetchpriority=\"high\" decoding=\"async\" width=\"800\" height=\"500\" src=\"https:\/\/old.smiljanmori.com\/wp-content\/uploads\/2023\/01\/sales-warrior.png\" class=\"attachment-large size-large wp-image-91273\" alt=\"\" srcset=\"https:\/\/old.smiljanmori.com\/wp-content\/uploads\/2023\/01\/sales-warrior.png 800w, https:\/\/old.smiljanmori.com\/wp-content\/uploads\/2023\/01\/sales-warrior-640x400.png 640w, https:\/\/old.smiljanmori.com\/wp-content\/uploads\/2023\/01\/sales-warrior-768x480.png 768w\" sizes=\"(max-width: 800px) 100vw, 800px\" \/>\t\t\t\t\t\t\t\t\t\t\t\t\t\t\t<\/div>\n\t\t\t\t<\/div>\n\t\t\t\t<section class=\"elementor-section elementor-inner-section elementor-element elementor-element-4d4b727c elementor-section-boxed elementor-section-height-default elementor-section-height-default\" data-id=\"4d4b727c\" data-element_type=\"section\" data-e-type=\"section\">\n\t\t\t\t\t\t<div class=\"elementor-container elementor-column-gap-default\">\n\t\t\t\t\t<div class=\"elementor-column elementor-col-100 elementor-inner-column elementor-element elementor-element-2e7c29a8\" data-id=\"2e7c29a8\" data-element_type=\"column\" data-e-type=\"column\">\n\t\t\t<div class=\"elementor-widget-wrap elementor-element-populated\">\n\t\t\t\t\t\t<div class=\"elementor-element elementor-element-33c1dd72 elementor-widget elementor-widget-heading\" data-id=\"33c1dd72\" data-element_type=\"widget\" data-e-type=\"widget\" data-widget_type=\"heading.default\">\n\t\t\t\t<div class=\"elementor-widget-container\">\n\t\t\t\t\t<h2 class=\"elementor-heading-title elementor-size-default\">Kako iz svoje dnevne sobe zaslu\u017eiti <i>10.000\u20ac - 20.000\u20ac<\/i> na mesec v <u>apokalipti\u010dni ekonomiji<\/u> in uspeti (ne samo pre\u017eiveti)<\/h2>\t\t\t\t<\/div>\n\t\t\t\t<\/div>\n\t\t\t\t<div class=\"elementor-element elementor-element-6e13978f elementor-align-center elementor-widget elementor-widget-lottie\" data-id=\"6e13978f\" data-element_type=\"widget\" data-e-type=\"widget\" data-settings=\"{&quot;source_json&quot;:{&quot;url&quot;:&quot;https:\\\/\\\/old.smiljanmori.com\\\/wp-content\\\/uploads\\\/2023\\\/01\\\/66488-fire-feu-fuego.json&quot;,&quot;id&quot;:91274,&quot;size&quot;:&quot;&quot;},&quot;loop&quot;:&quot;yes&quot;,&quot;source&quot;:&quot;media_file&quot;,&quot;caption_source&quot;:&quot;none&quot;,&quot;link_to&quot;:&quot;none&quot;,&quot;trigger&quot;:&quot;arriving_to_viewport&quot;,&quot;viewport&quot;:{&quot;unit&quot;:&quot;%&quot;,&quot;size&quot;:&quot;&quot;,&quot;sizes&quot;:{&quot;start&quot;:0,&quot;end&quot;:100}},&quot;play_speed&quot;:{&quot;unit&quot;:&quot;px&quot;,&quot;size&quot;:1,&quot;sizes&quot;:[]},&quot;start_point&quot;:{&quot;unit&quot;:&quot;%&quot;,&quot;size&quot;:0,&quot;sizes&quot;:[]},&quot;end_point&quot;:{&quot;unit&quot;:&quot;%&quot;,&quot;size&quot;:100,&quot;sizes&quot;:[]},&quot;renderer&quot;:&quot;svg&quot;}\" data-widget_type=\"lottie.default\">\n\t\t\t\t<div class=\"elementor-widget-container\">\n\t\t\t\t\t<div class=\"e-lottie__container\"><div class=\"e-lottie__animation\"><\/div><\/div>\t\t\t\t<\/div>\n\t\t\t\t<\/div>\n\t\t\t\t<div class=\"elementor-element elementor-element-17458171 elementor-widget elementor-widget-heading\" data-id=\"17458171\" data-element_type=\"widget\" data-e-type=\"widget\" data-widget_type=\"heading.default\">\n\t\t\t\t<div class=\"elementor-widget-container\">\n\t\t\t\t\t<h2 class=\"elementor-heading-title elementor-size-default\">V za\u010detku 2023 izdajam skrivnosti mojega uspeha.<\/h2>\t\t\t\t<\/div>\n\t\t\t\t<\/div>\n\t\t\t\t<div class=\"elementor-element elementor-element-1c5847c5 elementor-widget elementor-widget-text-editor\" data-id=\"1c5847c5\" data-element_type=\"widget\" data-e-type=\"widget\" data-widget_type=\"text-editor.default\">\n\t\t\t\t<div class=\"elementor-widget-container\">\n\t\t\t\t\t\t\t\t\t<p>\u010ce \u0161e vedno \u017eivi\u0161 v mentalnem (in finan\u010dnem) zaporu in se ne more\u0161 prebiti mimo pre\u017eivljanja iz meseca v mesec, medtem ko si la\u010den dejanskega uspeha, potem je ta program zate obvezen!<\/p><p>Gre se o prodaji\u2026 in kako zaslu\u017eiti tone denarja z prodajanjem svojih produktov in storitev\u2026<\/p><p><strong>Znotraj programa Sales Warrior:<\/strong><\/p><ul><li>Nau\u010di se najpomembnej\u0161ih sposobnosti, ki ti omogo\u010dajo <strong>uspeh in razvoj<\/strong> tudi v recesiji\u2026 naj grejo tvoji prihodki navzgor bolj kot cene goriva in energentov!<\/li><li>Klju\u010dni postopki za <strong>samozavestno prodajo svojih storitev in produktov<\/strong> preko telefona, emaila, sporo\u010dil in v \u017eivo, brez da izpade\u0161 nesramen ali napadalen.<\/li><li>Prodajne skripte, orodja in video lekcije, da <strong>spremeni\u0161 svoj trud v uspe\u0161en posel.<\/strong> Resni\u010dni primeri iz sveta (namesto teoreti\u010dnega sranja).<\/li><li>Zaslu\u017ei ve\u010d kot kdajkoli prej z ve\u010djim profitom in manj dela. ve\u010d denarja = ve\u010dji mir = bolj\u0161i spanec = <em>verjetno ve\u010d seksa?<\/em>*<\/li><\/ul>\t\t\t\t\t\t\t\t<\/div>\n\t\t\t\t<\/div>\n\t\t\t\t<div class=\"elementor-element elementor-element-325a877b elementor-widget elementor-widget-text-editor\" data-id=\"325a877b\" data-element_type=\"widget\" data-e-type=\"widget\" data-widget_type=\"text-editor.default\">\n\t\t\t\t<div class=\"elementor-widget-container\">\n\t\t\t\t\t\t\t\t\t<p><em>*Rezultati so odvisni od posameznika, ampak na\u010deloma je ve\u010d denarja bolj privla\u010dno!<\/em><\/p>\t\t\t\t\t\t\t\t<\/div>\n\t\t\t\t<\/div>\n\t\t\t\t<div class=\"elementor-element elementor-element-1f621c02 elementor-align-justify elementor-widget elementor-widget-button\" data-id=\"1f621c02\" data-element_type=\"widget\" data-e-type=\"widget\" data-widget_type=\"button.default\">\n\t\t\t\t<div class=\"elementor-widget-container\">\n\t\t\t\t\t\t\t\t\t<div class=\"elementor-button-wrapper\">\n\t\t\t\t\t<a class=\"elementor-button elementor-button-link elementor-size-lg\" href=\"#elementor-action%3Aaction%3Dpopup%3Aopen%26settings%3DeyJpZCI6OTE2ODEsInRvZ2dsZSI6ZmFsc2V9\">\n\t\t\t\t\t\t<span class=\"elementor-button-content-wrapper\">\n\t\t\t\t\t\t\t\t\t<span class=\"elementor-button-text\">Zanima me!<\/span>\n\t\t\t\t\t<\/span>\n\t\t\t\t\t<\/a>\n\t\t\t\t<\/div>\n\t\t\t\t\t\t\t\t<\/div>\n\t\t\t\t<\/div>\n\t\t\t\t<div class=\"elementor-element elementor-element-6a6dbf61 elementor-widget elementor-widget-spacer\" data-id=\"6a6dbf61\" data-element_type=\"widget\" data-e-type=\"widget\" data-widget_type=\"spacer.default\">\n\t\t\t\t<div class=\"elementor-widget-container\">\n\t\t\t\t\t\t\t<div class=\"elementor-spacer\">\n\t\t\t<div class=\"elementor-spacer-inner\"><\/div>\n\t\t<\/div>\n\t\t\t\t\t\t<\/div>\n\t\t\t\t<\/div>\n\t\t\t\t\t<\/div>\n\t\t<\/div>\n\t\t\t\t\t<\/div>\n\t\t<\/section>\n\t\t\t\t\t<\/div>\n\t\t<\/div>\n\t\t\t\t\t<\/div>\n\t\t<\/section>\n\t\t\t\t<\/div>\n\t\t","protected":false},"excerpt":{"rendered":"<p>Kako iz svoje dnevne sobe zaslu\u017eiti 10.000\u20ac &#8211; 20.000\u20ac na mesec v apokalipti\u010dni ekonomiji in uspeti (ne samo pre\u017eiveti) V za\u010detku 2023 izdajam skrivnosti mojega uspeha. \u010ce \u0161e vedno \u017eivi\u0161 v mentalnem (in finan\u010dnem) zaporu in se ne more\u0161 prebiti mimo pre\u017eivljanja iz meseca v mesec, medtem ko si la\u010den dejanskega uspeha, potem je ta [&hellip;]<\/p>\n","protected":false},"author":275,"featured_media":0,"parent":0,"menu_order":0,"comment_status":"closed","ping_status":"closed","template":"elementor_canvas","meta":{"footnotes":""},"class_list":["post-91568","page","type-page","status-publish","hentry"],"_links":{"self":[{"href":"https:\/\/old.smiljanmori.com\/sl\/wp-json\/wp\/v2\/pages\/91568","targetHints":{"allow":["GET"]}}],"collection":[{"href":"https:\/\/old.smiljanmori.com\/sl\/wp-json\/wp\/v2\/pages"}],"about":[{"href":"https:\/\/old.smiljanmori.com\/sl\/wp-json\/wp\/v2\/types\/page"}],"author":[{"embeddable":true,"href":"https:\/\/old.smiljanmori.com\/sl\/wp-json\/wp\/v2\/users\/275"}],"replies":[{"embeddable":true,"href":"https:\/\/old.smiljanmori.com\/sl\/wp-json\/wp\/v2\/comments?post=91568"}],"version-history":[{"count":17,"href":"https:\/\/old.smiljanmori.com\/sl\/wp-json\/wp\/v2\/pages\/91568\/revisions"}],"predecessor-version":[{"id":91947,"href":"https:\/\/old.smiljanmori.com\/sl\/wp-json\/wp\/v2\/pages\/91568\/revisions\/91947"}],"wp:attachment":[{"href":"https:\/\/old.smiljanmori.com\/sl\/wp-json\/wp\/v2\/media?parent=91568"}],"curies":[{"name":"wp","href":"https:\/\/api.w.org\/{rel}","templated":true}]}}